{"id":42367,"date":"2024-11-27T15:11:42","date_gmt":"2024-11-27T13:11:42","guid":{"rendered":"https:\/\/oltrans.bg\/kontaktirajte-nas\/"},"modified":"2024-11-29T16:56:26","modified_gmt":"2024-11-29T14:56:26","slug":"kontaktirajte-nas","status":"publish","type":"page","link":"https:\/\/oltrans.bg\/sr\/kontaktirajte-nas\/","title":{"rendered":"Kontaktirajte nas"},"content":{"rendered":"<p>Kontaktirajte Prevodila\u010dku agenciju Oltrans \u2013 po\u0161aljite nam pitanja, komentare, napomene i sugestije.<\/p>\n\n<div class=\"wpcf7 no-js\" id=\"wpcf7-f401-o1\" lang=\"bg-BG\" dir=\"ltr\" data-wpcf7-id=\"401\">\n<div class=\"screen-reader-response\"><p role=\"status\" aria-live=\"polite\" aria-atomic=\"true\"><\/p> <ul><\/ul><\/div>\n<form action=\"\/sr\/wp-json\/wp\/v2\/pages\/42367#wpcf7-f401-o1\" method=\"post\" class=\"wpcf7-form init\" aria-label=\"Contact form\" novalidate=\"novalidate\" data-status=\"init\">\n<fieldset class=\"hidden-fields-container\"><input type=\"hidden\" name=\"_wpcf7\" value=\"401\" \/><input type=\"hidden\" name=\"_wpcf7_version\" value=\"6.1.5\" \/><input type=\"hidden\" name=\"_wpcf7_locale\" value=\"bg_BG\" \/><input type=\"hidden\" name=\"_wpcf7_unit_tag\" value=\"wpcf7-f401-o1\" \/><input type=\"hidden\" name=\"_wpcf7_container_post\" value=\"0\" \/><input type=\"hidden\" name=\"_wpcf7_posted_data_hash\" value=\"\" \/><input type=\"hidden\" name=\"_wpcf7_recaptcha_response\" value=\"\" \/>\n<\/fieldset>\n<p>\u0412\u0430\u0448\u0435\u0442\u043e \u0438\u043c\u0435 (\u0437\u0430\u0434\u044a\u043b\u0436\u0438\u0442\u0435\u043b\u043d\u043e)\n<\/p>\n<p><span class=\"wpcf7-form-control-wrap\" data-name=\"your-name\"><input size=\"40\" maxlength=\"400\" class=\"wpcf7-form-control wpcf7-text wpcf7-validates-as-required\" aria-required=\"true\" aria-invalid=\"false\" value=\"\" type=\"text\" name=\"your-name\" \/><\/span>\n<\/p>\n<p>\u0412\u0430\u0448\u0438\u044f\u0442 Email (\u0437\u0430\u0434\u044a\u043b\u0436\u0438\u0442\u0435\u043b\u043d\u043e)\n<\/p>\n<p><span class=\"wpcf7-form-control-wrap\" data-name=\"your-email\"><input size=\"40\" maxlength=\"400\" class=\"wpcf7-form-control wpcf7-email wpcf7-validates-as-required wpcf7-text wpcf7-validates-as-email\" aria-required=\"true\" aria-invalid=\"false\" value=\"\" type=\"email\" name=\"your-email\" \/><\/span>\n<\/p>\n<p>\u0412\u0430\u0448\u0438\u044f\u0442 \u0442\u0435\u043b\u0435\u0444\u043e\u043d (\u0437\u0430\u0434\u044a\u043b\u0436\u0438\u0442\u0435\u043b\u043d\u043e)\n<\/p>\n<p><span class=\"wpcf7-form-control-wrap\" data-name=\"tel-155\"><input size=\"40\" maxlength=\"400\" class=\"wpcf7-form-control wpcf7-tel wpcf7-validates-as-required wpcf7-text wpcf7-validates-as-tel\" aria-required=\"true\" aria-invalid=\"false\" placeholder=\"0123-456-789\" value=\"\" type=\"tel\" name=\"tel-155\" \/><\/span>\n<\/p>\n<p>\u041e\u0442\u043d\u043e\u0441\u043d\u043e\n<\/p>\n<p><span class=\"wpcf7-form-control-wrap\" data-name=\"your-subject\"><input size=\"40\" maxlength=\"400\" class=\"wpcf7-form-control wpcf7-text\" aria-invalid=\"false\" value=\"\" type=\"text\" name=\"your-subject\" \/><\/span>\n<\/p>\n<p>\u0412\u0430\u0448\u0435\u0442\u043e \u0441\u044a\u043e\u0431\u0449\u0435\u043d\u0438\u0435\n<\/p>\n<p><span class=\"wpcf7-form-control-wrap\" data-name=\"your-message\"><textarea cols=\"40\" rows=\"10\" maxlength=\"2000\" class=\"wpcf7-form-control wpcf7-textarea\" aria-invalid=\"false\" name=\"your-message\"><\/textarea><\/span>\n<\/p>\n<p><input class=\"wpcf7-form-control wpcf7-submit has-spinner\" type=\"submit\" value=\"\u0418\u0437\u043f\u0440\u0430\u0449\u0430\u043d\u0435\" \/>\n<\/p><p style=\"display: none !important;\" class=\"akismet-fields-container\" data-prefix=\"_wpcf7_ak_\"><label>&#916;<textarea name=\"_wpcf7_ak_hp_textarea\" cols=\"45\" rows=\"8\" maxlength=\"100\"><\/textarea><\/label><input type=\"hidden\" id=\"ak_js_1\" name=\"_wpcf7_ak_js\" value=\"44\"\/><script type=\"text\/javascript\">\n\/* <![CDATA[ *\/\ndocument.getElementById( \"ak_js_1\" ).setAttribute( \"value\", ( new Date() ).getTime() );\n\/* ]]> *\/\n<\/script>\n<\/p><div class=\"wpcf7-response-output\" aria-hidden=\"true\"><\/div>\n<\/form>\n<\/div>\n\n","protected":false},"excerpt":{"rendered":"<p>Kontaktirajte Prevodila\u010dku agenciju Oltrans \u2013 po\u0161aljite nam pitanja, komentare, napomene i sugestije.<\/p>\n","protected":false},"author":2,"featured_media":0,"parent":0,"menu_order":0,"comment_status":"closed","ping_status":"closed","template":"","meta":{"footnotes":""},"class_list":["post-42367","page","type-page","status-publish","hentry","prodpage-style2"],"yoast_head":"<!-- This site is optimized with the Yoast SEO plugin v27.5 - https:\/\/yoast.com\/product\/yoast-seo-wordpress\/ -->\n<title>Kontakt informacije Prevodila\u010dke agencije Oltrans<\/title>\n<meta name=\"description\" content=\"Mo\u017eete da nas kontaktirate i odmah \u0107ete dobiti ponudu. Prevodila\u010dka agencija Oltrans je sertifikovana u skladu sa ISO 17100:2015 za pisane prevode.\" \/>\n<meta name=\"robots\" content=\"index, follow, max-snippet:-1, max-image-preview:large, max-video-preview:-1\" \/>\n<link rel=\"canonical\" href=\"https:\/\/oltrans.bg\/sr\/kontaktirajte-nas\/\" \/>\n<meta property=\"og:locale\" content=\"en_US\" \/>\n<meta property=\"og:type\" content=\"article\" \/>\n<meta property=\"og:title\" content=\"Kontakt informacije Prevodila\u010dke agencije Oltrans\" \/>\n<meta property=\"og:description\" content=\"Mo\u017eete da nas kontaktirate i odmah \u0107ete dobiti ponudu. Prevodila\u010dka agencija Oltrans je sertifikovana u skladu sa ISO 17100:2015 za pisane prevode.\" \/>\n<meta property=\"og:url\" content=\"https:\/\/oltrans.bg\/sr\/kontaktirajte-nas\/\" \/>\n<meta property=\"og:site_name\" content=\"\u0410\u0433\u0435\u043d\u0442\u0441\u0442\u0432\u043e \u043f\u0435\u0440\u0435\u0432\u043e\u0434\u043e\u0432 \u00ab\u041e\u043b\u0442\u0440\u0430\u043d\u0441\u00bb\" \/>\n<meta property=\"article:publisher\" content=\"https:\/\/www.facebook.com\/oltrans.bg\" \/>\n<meta property=\"article:modified_time\" content=\"2024-11-29T14:56:26+00:00\" \/>\n<meta name=\"twitter:card\" content=\"summary_large_image\" \/>\n<script type=\"application\/ld+json\" class=\"yoast-schema-graph\">{\"@context\":\"https:\\\/\\\/schema.org\",\"@graph\":[{\"@type\":\"WebPage\",\"@id\":\"https:\\\/\\\/oltrans.bg\\\/sr\\\/kontaktirajte-nas\\\/\",\"url\":\"https:\\\/\\\/oltrans.bg\\\/sr\\\/kontaktirajte-nas\\\/\",\"name\":\"Kontakt informacije Prevodila\u010dke agencije Oltrans\",\"isPartOf\":{\"@id\":\"http:\\\/\\\/oltrans.bg\\\/sh\\\/#website\"},\"datePublished\":\"2024-11-27T13:11:42+00:00\",\"dateModified\":\"2024-11-29T14:56:26+00:00\",\"description\":\"Mo\u017eete da nas kontaktirate i odmah \u0107ete dobiti ponudu. Prevodila\u010dka agencija Oltrans je sertifikovana u skladu sa ISO 17100:2015 za pisane prevode.\",\"breadcrumb\":{\"@id\":\"https:\\\/\\\/oltrans.bg\\\/sr\\\/kontaktirajte-nas\\\/#breadcrumb\"},\"inLanguage\":\"sr-Cyrl-RS\",\"potentialAction\":[{\"@type\":\"ReadAction\",\"target\":[\"https:\\\/\\\/oltrans.bg\\\/sr\\\/kontaktirajte-nas\\\/\"]}]},{\"@type\":\"BreadcrumbList\",\"@id\":\"https:\\\/\\\/oltrans.bg\\\/sr\\\/kontaktirajte-nas\\\/#breadcrumb\",\"itemListElement\":[{\"@type\":\"ListItem\",\"position\":1,\"name\":\"\u041d\u0430\u0447\u0430\u043b\u043e\",\"item\":\"https:\\\/\\\/oltrans.bg\\\/sr\\\/\"},{\"@type\":\"ListItem\",\"position\":2,\"name\":\"Kontaktirajte nas\"}]},{\"@type\":\"WebSite\",\"@id\":\"http:\\\/\\\/oltrans.bg\\\/sh\\\/#website\",\"url\":\"http:\\\/\\\/oltrans.bg\\\/sh\\\/\",\"name\":\"\u0410\u0433\u0435\u043d\u0442\u0441\u0442\u0432\u043e \u043f\u0435\u0440\u0435\u0432\u043e\u0434\u043e\u0432 \u00ab\u041e\u043b\u0442\u0440\u0430\u043d\u0441\u00bb\",\"description\":\"\u0410\u0433\u0435\u043d\u0446\u0438\u044f \u0437\u0430 \u043f\u0440\u0435\u0432\u043e\u0434\u0438 \u201e\u041e\u043b\u0442\u0440\u0430\u043d\u0441\u201d \u043f\u0440\u0435\u0434\u043e\u0441\u0442\u0430\u0432\u044f \u043f\u0440\u043e\u0444\u0435\u0441\u0438\u043e\u043d\u0430\u043b\u043d\u0438 \u0435\u0437\u0438\u043a\u043e\u0432\u0438 \u043f\u0438\u0441\u043c\u0435\u043d\u0438 \u043f\u0440\u0435\u0432\u043e\u0434\u0438 \u043f\u043e \u0441\u0442\u0430\u043d\u0434\u0430\u0440\u0442 ISO 17100:2015. \u041f\u0440\u0435\u0432\u043e\u0434\u0430\u0447\u0438 \u043d\u0430 \u043c\u044f\u0441\u0442\u043e \u0441 \u0430\u043d\u0433\u043b\u0438\u0439\u0441\u043a\u0438 \u0435\u0437\u0438\u043a.\",\"publisher\":{\"@id\":\"http:\\\/\\\/oltrans.bg\\\/sh\\\/#organization\"},\"potentialAction\":[{\"@type\":\"SearchAction\",\"target\":{\"@type\":\"EntryPoint\",\"urlTemplate\":\"http:\\\/\\\/oltrans.bg\\\/sh\\\/?s={search_term_string}\"},\"query-input\":{\"@type\":\"PropertyValueSpecification\",\"valueRequired\":true,\"valueName\":\"search_term_string\"}}],\"inLanguage\":\"sr-Cyrl-RS\"},{\"@type\":\"Organization\",\"@id\":\"http:\\\/\\\/oltrans.bg\\\/sh\\\/#organization\",\"name\":\"Oltrans Ltd\",\"url\":\"http:\\\/\\\/oltrans.bg\\\/sh\\\/\",\"logo\":{\"@type\":\"ImageObject\",\"inLanguage\":\"sr-Cyrl-RS\",\"@id\":\"http:\\\/\\\/oltrans.bg\\\/sh\\\/#\\\/schema\\\/logo\\\/image\\\/\",\"url\":\"https:\\\/\\\/oltrans.bg\\\/wp-content\\\/uploads\\\/2013\\\/03\\\/OLTRANS-since2006_logo_250x51.png\",\"contentUrl\":\"https:\\\/\\\/oltrans.bg\\\/wp-content\\\/uploads\\\/2013\\\/03\\\/OLTRANS-since2006_logo_250x51.png\",\"width\":250,\"height\":51,\"caption\":\"Oltrans Ltd\"},\"image\":{\"@id\":\"http:\\\/\\\/oltrans.bg\\\/sh\\\/#\\\/schema\\\/logo\\\/image\\\/\"},\"sameAs\":[\"https:\\\/\\\/www.facebook.com\\\/oltrans.bg\",\"https:\\\/\\\/www.instagram.com\\\/oltransltd\\\/\",\"https:\\\/\\\/www.linkedin.com\\\/company\\\/oltrans\\\/\",\"https:\\\/\\\/www.youtube.com\\\/channel\\\/UC9ni0T0MCQWpG1WE6PWMoqA\"]}]}<\/script>\n<!-- \/ Yoast SEO plugin. -->","yoast_head_json":{"title":"Kontakt informacije Prevodila\u010dke agencije Oltrans","description":"Mo\u017eete da nas kontaktirate i odmah \u0107ete dobiti ponudu. Prevodila\u010dka agencija Oltrans je sertifikovana u skladu sa ISO 17100:2015 za pisane prevode.","robots":{"index":"index","follow":"follow","max-snippet":"max-snippet:-1","max-image-preview":"max-image-preview:large","max-video-preview":"max-video-preview:-1"},"canonical":"https:\/\/oltrans.bg\/sr\/kontaktirajte-nas\/","og_locale":"en_US","og_type":"article","og_title":"Kontakt informacije Prevodila\u010dke agencije Oltrans","og_description":"Mo\u017eete da nas kontaktirate i odmah \u0107ete dobiti ponudu. Prevodila\u010dka agencija Oltrans je sertifikovana u skladu sa ISO 17100:2015 za pisane prevode.","og_url":"https:\/\/oltrans.bg\/sr\/kontaktirajte-nas\/","og_site_name":"\u0410\u0433\u0435\u043d\u0442\u0441\u0442\u0432\u043e \u043f\u0435\u0440\u0435\u0432\u043e\u0434\u043e\u0432 \u00ab\u041e\u043b\u0442\u0440\u0430\u043d\u0441\u00bb","article_publisher":"https:\/\/www.facebook.com\/oltrans.bg","article_modified_time":"2024-11-29T14:56:26+00:00","twitter_card":"summary_large_image","schema":{"@context":"https:\/\/schema.org","@graph":[{"@type":"WebPage","@id":"https:\/\/oltrans.bg\/sr\/kontaktirajte-nas\/","url":"https:\/\/oltrans.bg\/sr\/kontaktirajte-nas\/","name":"Kontakt informacije Prevodila\u010dke agencije Oltrans","isPartOf":{"@id":"http:\/\/oltrans.bg\/sh\/#website"},"datePublished":"2024-11-27T13:11:42+00:00","dateModified":"2024-11-29T14:56:26+00:00","description":"Mo\u017eete da nas kontaktirate i odmah \u0107ete dobiti ponudu. Prevodila\u010dka agencija Oltrans je sertifikovana u skladu sa ISO 17100:2015 za pisane prevode.","breadcrumb":{"@id":"https:\/\/oltrans.bg\/sr\/kontaktirajte-nas\/#breadcrumb"},"inLanguage":"sr-Cyrl-RS","potentialAction":[{"@type":"ReadAction","target":["https:\/\/oltrans.bg\/sr\/kontaktirajte-nas\/"]}]},{"@type":"BreadcrumbList","@id":"https:\/\/oltrans.bg\/sr\/kontaktirajte-nas\/#breadcrumb","itemListElement":[{"@type":"ListItem","position":1,"name":"\u041d\u0430\u0447\u0430\u043b\u043e","item":"https:\/\/oltrans.bg\/sr\/"},{"@type":"ListItem","position":2,"name":"Kontaktirajte nas"}]},{"@type":"WebSite","@id":"http:\/\/oltrans.bg\/sh\/#website","url":"http:\/\/oltrans.bg\/sh\/","name":"\u0410\u0433\u0435\u043d\u0442\u0441\u0442\u0432\u043e \u043f\u0435\u0440\u0435\u0432\u043e\u0434\u043e\u0432 \u00ab\u041e\u043b\u0442\u0440\u0430\u043d\u0441\u00bb","description":"\u0410\u0433\u0435\u043d\u0446\u0438\u044f \u0437\u0430 \u043f\u0440\u0435\u0432\u043e\u0434\u0438 \u201e\u041e\u043b\u0442\u0440\u0430\u043d\u0441\u201d \u043f\u0440\u0435\u0434\u043e\u0441\u0442\u0430\u0432\u044f \u043f\u0440\u043e\u0444\u0435\u0441\u0438\u043e\u043d\u0430\u043b\u043d\u0438 \u0435\u0437\u0438\u043a\u043e\u0432\u0438 \u043f\u0438\u0441\u043c\u0435\u043d\u0438 \u043f\u0440\u0435\u0432\u043e\u0434\u0438 \u043f\u043e \u0441\u0442\u0430\u043d\u0434\u0430\u0440\u0442 ISO 17100:2015. \u041f\u0440\u0435\u0432\u043e\u0434\u0430\u0447\u0438 \u043d\u0430 \u043c\u044f\u0441\u0442\u043e \u0441 \u0430\u043d\u0433\u043b\u0438\u0439\u0441\u043a\u0438 \u0435\u0437\u0438\u043a.","publisher":{"@id":"http:\/\/oltrans.bg\/sh\/#organization"},"potentialAction":[{"@type":"SearchAction","target":{"@type":"EntryPoint","urlTemplate":"http:\/\/oltrans.bg\/sh\/?s={search_term_string}"},"query-input":{"@type":"PropertyValueSpecification","valueRequired":true,"valueName":"search_term_string"}}],"inLanguage":"sr-Cyrl-RS"},{"@type":"Organization","@id":"http:\/\/oltrans.bg\/sh\/#organization","name":"Oltrans Ltd","url":"http:\/\/oltrans.bg\/sh\/","logo":{"@type":"ImageObject","inLanguage":"sr-Cyrl-RS","@id":"http:\/\/oltrans.bg\/sh\/#\/schema\/logo\/image\/","url":"https:\/\/oltrans.bg\/wp-content\/uploads\/2013\/03\/OLTRANS-since2006_logo_250x51.png","contentUrl":"https:\/\/oltrans.bg\/wp-content\/uploads\/2013\/03\/OLTRANS-since2006_logo_250x51.png","width":250,"height":51,"caption":"Oltrans Ltd"},"image":{"@id":"http:\/\/oltrans.bg\/sh\/#\/schema\/logo\/image\/"},"sameAs":["https:\/\/www.facebook.com\/oltrans.bg","https:\/\/www.instagram.com\/oltransltd\/","https:\/\/www.linkedin.com\/company\/oltrans\/","https:\/\/www.youtube.com\/channel\/UC9ni0T0MCQWpG1WE6PWMoqA"]}]}},"_links":{"self":[{"href":"https:\/\/oltrans.bg\/sr\/wp-json\/wp\/v2\/pages\/42367","targetHints":{"allow":["GET"]}}],"collection":[{"href":"https:\/\/oltrans.bg\/sr\/wp-json\/wp\/v2\/pages"}],"about":[{"href":"https:\/\/oltrans.bg\/sr\/wp-json\/wp\/v2\/types\/page"}],"author":[{"embeddable":true,"href":"https:\/\/oltrans.bg\/sr\/wp-json\/wp\/v2\/users\/2"}],"replies":[{"embeddable":true,"href":"https:\/\/oltrans.bg\/sr\/wp-json\/wp\/v2\/comments?post=42367"}],"version-history":[{"count":2,"href":"https:\/\/oltrans.bg\/sr\/wp-json\/wp\/v2\/pages\/42367\/revisions"}],"predecessor-version":[{"id":42400,"href":"https:\/\/oltrans.bg\/sr\/wp-json\/wp\/v2\/pages\/42367\/revisions\/42400"}],"wp:attachment":[{"href":"https:\/\/oltrans.bg\/sr\/wp-json\/wp\/v2\/media?parent=42367"}],"curies":[{"name":"wp","href":"https:\/\/api.w.org\/{rel}","templated":true}]}}