{"id":42364,"date":"2024-11-27T14:48:13","date_gmt":"2024-11-27T12:48:13","guid":{"rendered":"https:\/\/oltrans.bg\/pocetna\/"},"modified":"2024-11-29T16:48:49","modified_gmt":"2024-11-29T14:48:49","slug":"pocetna","status":"publish","type":"page","link":"https:\/\/oltrans.bg\/sr\/","title":{"rendered":"Prevodila\u010dka agencija Oltrans"},"content":{"rendered":"","protected":false},"excerpt":{"rendered":"","protected":false},"author":2,"featured_media":42219,"parent":0,"menu_order":0,"comment_status":"closed","ping_status":"closed","template":"","meta":{"footnotes":""},"class_list":["post-42364","page","type-page","status-publish","has-post-thumbnail","hentry","prodpage-style2"],"yoast_head":"<!-- This site is optimized with the Yoast SEO plugin v27.4 - https:\/\/yoast.com\/product\/yoast-seo-wordpress\/ -->\n<title>Prevodila\u010dka agencija Oltrans \u2013 Korak ka novim horizontima<\/title>\n<meta name=\"description\" content=\"Prevodila\u010dka agencija Oltrans pru\u017ea profesionalne usluge na bugarskom jeziku koje obavljaju stru\u010dni lingvisti uz podr\u0161ku visoke tehnologije.\" \/>\n<meta name=\"robots\" content=\"index, follow, max-snippet:-1, max-image-preview:large, max-video-preview:-1\" \/>\n<link rel=\"canonical\" href=\"https:\/\/oltrans.bg\/sr\/\" \/>\n<meta property=\"og:locale\" content=\"en_US\" \/>\n<meta property=\"og:type\" content=\"article\" \/>\n<meta property=\"og:title\" content=\"Prevodila\u010dka agencija Oltrans \u2013 Korak ka novim horizontima\" \/>\n<meta property=\"og:description\" content=\"Prevodila\u010dka agencija Oltrans pru\u017ea profesionalne usluge na bugarskom jeziku koje obavljaju stru\u010dni lingvisti uz podr\u0161ku visoke tehnologije.\" \/>\n<meta property=\"og:url\" content=\"https:\/\/oltrans.bg\/sr\/\" \/>\n<meta property=\"og:site_name\" content=\"\u0410\u0433\u0435\u043d\u0442\u0441\u0442\u0432\u043e \u043f\u0435\u0440\u0435\u0432\u043e\u0434\u043e\u0432 \u00ab\u041e\u043b\u0442\u0440\u0430\u043d\u0441\u00bb\" \/>\n<meta property=\"article:publisher\" content=\"https:\/\/www.facebook.com\/oltrans.bg\" \/>\n<meta property=\"article:modified_time\" content=\"2024-11-29T14:48:49+00:00\" \/>\n<meta property=\"og:image\" content=\"https:\/\/oltrans.bg\/wp-content\/uploads\/2020\/11\/Home-page-new-1200x630-1.jpg\" \/>\n<meta name=\"twitter:card\" content=\"summary_large_image\" \/>\n<script type=\"application\/ld+json\" class=\"yoast-schema-graph\">{\"@context\":\"https:\\\/\\\/schema.org\",\"@graph\":[{\"@type\":\"WebPage\",\"@id\":\"https:\\\/\\\/oltrans.bg\\\/sr\\\/\",\"url\":\"https:\\\/\\\/oltrans.bg\\\/sr\\\/\",\"name\":\"Prevodila\u010dka agencija Oltrans \u2013 Korak ka novim horizontima\",\"isPartOf\":{\"@id\":\"http:\\\/\\\/oltrans.bg\\\/sh\\\/#website\"},\"primaryImageOfPage\":{\"@id\":\"https:\\\/\\\/oltrans.bg\\\/sr\\\/#primaryimage\"},\"image\":{\"@id\":\"https:\\\/\\\/oltrans.bg\\\/sr\\\/#primaryimage\"},\"thumbnailUrl\":\"https:\\\/\\\/oltrans.bg\\\/wp-content\\\/uploads\\\/2020\\\/11\\\/Home-page-new-360x240-1.jpg\",\"datePublished\":\"2024-11-27T12:48:13+00:00\",\"dateModified\":\"2024-11-29T14:48:49+00:00\",\"description\":\"Prevodila\u010dka agencija Oltrans pru\u017ea profesionalne usluge na bugarskom jeziku koje obavljaju stru\u010dni lingvisti uz podr\u0161ku visoke tehnologije.\",\"breadcrumb\":{\"@id\":\"https:\\\/\\\/oltrans.bg\\\/sr\\\/#breadcrumb\"},\"inLanguage\":\"sr-Cyrl-RS\",\"potentialAction\":[{\"@type\":\"ReadAction\",\"target\":[\"https:\\\/\\\/oltrans.bg\\\/sr\\\/\"]}]},{\"@type\":\"ImageObject\",\"inLanguage\":\"sr-Cyrl-RS\",\"@id\":\"https:\\\/\\\/oltrans.bg\\\/sr\\\/#primaryimage\",\"url\":\"https:\\\/\\\/oltrans.bg\\\/wp-content\\\/uploads\\\/2020\\\/11\\\/Home-page-new-360x240-1.jpg\",\"contentUrl\":\"https:\\\/\\\/oltrans.bg\\\/wp-content\\\/uploads\\\/2020\\\/11\\\/Home-page-new-360x240-1.jpg\",\"width\":360,\"height\":240},{\"@type\":\"BreadcrumbList\",\"@id\":\"https:\\\/\\\/oltrans.bg\\\/sr\\\/#breadcrumb\",\"itemListElement\":[{\"@type\":\"ListItem\",\"position\":1,\"name\":\"\u041d\u0430\u0447\u0430\u043b\u043e\",\"item\":\"https:\\\/\\\/oltrans.bg\\\/sr\\\/\"},{\"@type\":\"ListItem\",\"position\":2,\"name\":\"Prevodila\u010dka agencija Oltrans\"}]},{\"@type\":\"WebSite\",\"@id\":\"http:\\\/\\\/oltrans.bg\\\/sh\\\/#website\",\"url\":\"http:\\\/\\\/oltrans.bg\\\/sh\\\/\",\"name\":\"\u0410\u0433\u0435\u043d\u0442\u0441\u0442\u0432\u043e \u043f\u0435\u0440\u0435\u0432\u043e\u0434\u043e\u0432 \u00ab\u041e\u043b\u0442\u0440\u0430\u043d\u0441\u00bb\",\"description\":\"\u0410\u0433\u0435\u043d\u0446\u0438\u044f \u0437\u0430 \u043f\u0440\u0435\u0432\u043e\u0434\u0438 \u201e\u041e\u043b\u0442\u0440\u0430\u043d\u0441\u201d \u043f\u0440\u0435\u0434\u043e\u0441\u0442\u0430\u0432\u044f \u043f\u0440\u043e\u0444\u0435\u0441\u0438\u043e\u043d\u0430\u043b\u043d\u0438 \u0435\u0437\u0438\u043a\u043e\u0432\u0438 \u043f\u0438\u0441\u043c\u0435\u043d\u0438 \u043f\u0440\u0435\u0432\u043e\u0434\u0438 \u043f\u043e \u0441\u0442\u0430\u043d\u0434\u0430\u0440\u0442 ISO 17100:2015. \u041f\u0440\u0435\u0432\u043e\u0434\u0430\u0447\u0438 \u043d\u0430 \u043c\u044f\u0441\u0442\u043e \u0441 \u0430\u043d\u0433\u043b\u0438\u0439\u0441\u043a\u0438 \u0435\u0437\u0438\u043a.\",\"publisher\":{\"@id\":\"http:\\\/\\\/oltrans.bg\\\/sh\\\/#organization\"},\"potentialAction\":[{\"@type\":\"SearchAction\",\"target\":{\"@type\":\"EntryPoint\",\"urlTemplate\":\"http:\\\/\\\/oltrans.bg\\\/sh\\\/?s={search_term_string}\"},\"query-input\":{\"@type\":\"PropertyValueSpecification\",\"valueRequired\":true,\"valueName\":\"search_term_string\"}}],\"inLanguage\":\"sr-Cyrl-RS\"},{\"@type\":\"Organization\",\"@id\":\"http:\\\/\\\/oltrans.bg\\\/sh\\\/#organization\",\"name\":\"Oltrans Ltd\",\"url\":\"http:\\\/\\\/oltrans.bg\\\/sh\\\/\",\"logo\":{\"@type\":\"ImageObject\",\"inLanguage\":\"sr-Cyrl-RS\",\"@id\":\"http:\\\/\\\/oltrans.bg\\\/sh\\\/#\\\/schema\\\/logo\\\/image\\\/\",\"url\":\"https:\\\/\\\/oltrans.bg\\\/wp-content\\\/uploads\\\/2013\\\/03\\\/OLTRANS-since2006_logo_250x51.png\",\"contentUrl\":\"https:\\\/\\\/oltrans.bg\\\/wp-content\\\/uploads\\\/2013\\\/03\\\/OLTRANS-since2006_logo_250x51.png\",\"width\":250,\"height\":51,\"caption\":\"Oltrans Ltd\"},\"image\":{\"@id\":\"http:\\\/\\\/oltrans.bg\\\/sh\\\/#\\\/schema\\\/logo\\\/image\\\/\"},\"sameAs\":[\"https:\\\/\\\/www.facebook.com\\\/oltrans.bg\",\"https:\\\/\\\/www.instagram.com\\\/oltransltd\\\/\",\"https:\\\/\\\/www.linkedin.com\\\/company\\\/oltrans\\\/\",\"https:\\\/\\\/www.youtube.com\\\/channel\\\/UC9ni0T0MCQWpG1WE6PWMoqA\"]}]}<\/script>\n<!-- \/ Yoast SEO plugin. -->","yoast_head_json":{"title":"Prevodila\u010dka agencija Oltrans \u2013 Korak ka novim horizontima","description":"Prevodila\u010dka agencija Oltrans pru\u017ea profesionalne usluge na bugarskom jeziku koje obavljaju stru\u010dni lingvisti uz podr\u0161ku visoke tehnologije.","robots":{"index":"index","follow":"follow","max-snippet":"max-snippet:-1","max-image-preview":"max-image-preview:large","max-video-preview":"max-video-preview:-1"},"canonical":"https:\/\/oltrans.bg\/sr\/","og_locale":"en_US","og_type":"article","og_title":"Prevodila\u010dka agencija Oltrans \u2013 Korak ka novim horizontima","og_description":"Prevodila\u010dka agencija Oltrans pru\u017ea profesionalne usluge na bugarskom jeziku koje obavljaju stru\u010dni lingvisti uz podr\u0161ku visoke tehnologije.","og_url":"https:\/\/oltrans.bg\/sr\/","og_site_name":"\u0410\u0433\u0435\u043d\u0442\u0441\u0442\u0432\u043e \u043f\u0435\u0440\u0435\u0432\u043e\u0434\u043e\u0432 \u00ab\u041e\u043b\u0442\u0440\u0430\u043d\u0441\u00bb","article_publisher":"https:\/\/www.facebook.com\/oltrans.bg","article_modified_time":"2024-11-29T14:48:49+00:00","og_image":[{"url":"https:\/\/oltrans.bg\/wp-content\/uploads\/2020\/11\/Home-page-new-1200x630-1.jpg","type":"","width":"","height":""}],"twitter_card":"summary_large_image","schema":{"@context":"https:\/\/schema.org","@graph":[{"@type":"WebPage","@id":"https:\/\/oltrans.bg\/sr\/","url":"https:\/\/oltrans.bg\/sr\/","name":"Prevodila\u010dka agencija Oltrans \u2013 Korak ka novim horizontima","isPartOf":{"@id":"http:\/\/oltrans.bg\/sh\/#website"},"primaryImageOfPage":{"@id":"https:\/\/oltrans.bg\/sr\/#primaryimage"},"image":{"@id":"https:\/\/oltrans.bg\/sr\/#primaryimage"},"thumbnailUrl":"https:\/\/oltrans.bg\/wp-content\/uploads\/2020\/11\/Home-page-new-360x240-1.jpg","datePublished":"2024-11-27T12:48:13+00:00","dateModified":"2024-11-29T14:48:49+00:00","description":"Prevodila\u010dka agencija Oltrans pru\u017ea profesionalne usluge na bugarskom jeziku koje obavljaju stru\u010dni lingvisti uz podr\u0161ku visoke tehnologije.","breadcrumb":{"@id":"https:\/\/oltrans.bg\/sr\/#breadcrumb"},"inLanguage":"sr-Cyrl-RS","potentialAction":[{"@type":"ReadAction","target":["https:\/\/oltrans.bg\/sr\/"]}]},{"@type":"ImageObject","inLanguage":"sr-Cyrl-RS","@id":"https:\/\/oltrans.bg\/sr\/#primaryimage","url":"https:\/\/oltrans.bg\/wp-content\/uploads\/2020\/11\/Home-page-new-360x240-1.jpg","contentUrl":"https:\/\/oltrans.bg\/wp-content\/uploads\/2020\/11\/Home-page-new-360x240-1.jpg","width":360,"height":240},{"@type":"BreadcrumbList","@id":"https:\/\/oltrans.bg\/sr\/#breadcrumb","itemListElement":[{"@type":"ListItem","position":1,"name":"\u041d\u0430\u0447\u0430\u043b\u043e","item":"https:\/\/oltrans.bg\/sr\/"},{"@type":"ListItem","position":2,"name":"Prevodila\u010dka agencija Oltrans"}]},{"@type":"WebSite","@id":"http:\/\/oltrans.bg\/sh\/#website","url":"http:\/\/oltrans.bg\/sh\/","name":"\u0410\u0433\u0435\u043d\u0442\u0441\u0442\u0432\u043e \u043f\u0435\u0440\u0435\u0432\u043e\u0434\u043e\u0432 \u00ab\u041e\u043b\u0442\u0440\u0430\u043d\u0441\u00bb","description":"\u0410\u0433\u0435\u043d\u0446\u0438\u044f \u0437\u0430 \u043f\u0440\u0435\u0432\u043e\u0434\u0438 \u201e\u041e\u043b\u0442\u0440\u0430\u043d\u0441\u201d \u043f\u0440\u0435\u0434\u043e\u0441\u0442\u0430\u0432\u044f \u043f\u0440\u043e\u0444\u0435\u0441\u0438\u043e\u043d\u0430\u043b\u043d\u0438 \u0435\u0437\u0438\u043a\u043e\u0432\u0438 \u043f\u0438\u0441\u043c\u0435\u043d\u0438 \u043f\u0440\u0435\u0432\u043e\u0434\u0438 \u043f\u043e \u0441\u0442\u0430\u043d\u0434\u0430\u0440\u0442 ISO 17100:2015. \u041f\u0440\u0435\u0432\u043e\u0434\u0430\u0447\u0438 \u043d\u0430 \u043c\u044f\u0441\u0442\u043e \u0441 \u0430\u043d\u0433\u043b\u0438\u0439\u0441\u043a\u0438 \u0435\u0437\u0438\u043a.","publisher":{"@id":"http:\/\/oltrans.bg\/sh\/#organization"},"potentialAction":[{"@type":"SearchAction","target":{"@type":"EntryPoint","urlTemplate":"http:\/\/oltrans.bg\/sh\/?s={search_term_string}"},"query-input":{"@type":"PropertyValueSpecification","valueRequired":true,"valueName":"search_term_string"}}],"inLanguage":"sr-Cyrl-RS"},{"@type":"Organization","@id":"http:\/\/oltrans.bg\/sh\/#organization","name":"Oltrans Ltd","url":"http:\/\/oltrans.bg\/sh\/","logo":{"@type":"ImageObject","inLanguage":"sr-Cyrl-RS","@id":"http:\/\/oltrans.bg\/sh\/#\/schema\/logo\/image\/","url":"https:\/\/oltrans.bg\/wp-content\/uploads\/2013\/03\/OLTRANS-since2006_logo_250x51.png","contentUrl":"https:\/\/oltrans.bg\/wp-content\/uploads\/2013\/03\/OLTRANS-since2006_logo_250x51.png","width":250,"height":51,"caption":"Oltrans Ltd"},"image":{"@id":"http:\/\/oltrans.bg\/sh\/#\/schema\/logo\/image\/"},"sameAs":["https:\/\/www.facebook.com\/oltrans.bg","https:\/\/www.instagram.com\/oltransltd\/","https:\/\/www.linkedin.com\/company\/oltrans\/","https:\/\/www.youtube.com\/channel\/UC9ni0T0MCQWpG1WE6PWMoqA"]}]}},"_links":{"self":[{"href":"https:\/\/oltrans.bg\/sr\/wp-json\/wp\/v2\/pages\/42364","targetHints":{"allow":["GET"]}}],"collection":[{"href":"https:\/\/oltrans.bg\/sr\/wp-json\/wp\/v2\/pages"}],"about":[{"href":"https:\/\/oltrans.bg\/sr\/wp-json\/wp\/v2\/types\/page"}],"author":[{"embeddable":true,"href":"https:\/\/oltrans.bg\/sr\/wp-json\/wp\/v2\/users\/2"}],"replies":[{"embeddable":true,"href":"https:\/\/oltrans.bg\/sr\/wp-json\/wp\/v2\/comments?post=42364"}],"version-history":[{"count":2,"href":"https:\/\/oltrans.bg\/sr\/wp-json\/wp\/v2\/pages\/42364\/revisions"}],"predecessor-version":[{"id":42398,"href":"https:\/\/oltrans.bg\/sr\/wp-json\/wp\/v2\/pages\/42364\/revisions\/42398"}],"wp:featuredmedia":[{"embeddable":true,"href":"https:\/\/oltrans.bg\/sr\/wp-json\/wp\/v2\/media\/42219"}],"wp:attachment":[{"href":"https:\/\/oltrans.bg\/sr\/wp-json\/wp\/v2\/media?parent=42364"}],"curies":[{"name":"wp","href":"https:\/\/api.w.org\/{rel}","templated":true}]}}